{"id":10685,"date":"2025-11-12T12:56:34","date_gmt":"2025-11-12T11:56:34","guid":{"rendered":"https:\/\/colloquium.zencodesolutions.com\/chi-espone\/"},"modified":"2025-11-14T09:59:39","modified_gmt":"2025-11-14T08:59:39","slug":"exhibitors","status":"publish","type":"page","link":"https:\/\/colloquium.zencodesolutions.com\/en\/exhibitors\/","title":{"rendered":"Exhibitors"},"content":{"rendered":"\r\n\r\n\r\n<style>\r\n    #text_image_block_6f0c60d8c2b331b59da4dd7fd800f552 .custom-title-size {\r\n        font-size: 54px !important;\r\n    }\r\n<\/style>\r\n\r\n\r\n<style>\r\n    #text_image_block_6f0c60d8c2b331b59da4dd7fd800f552 .btn-custom {\r\n        min-width: 205px;\r\n    }\r\n<\/style>\r\n\r\n<div id=\"text_image_block_6f0c60d8c2b331b59da4dd7fd800f552\" class=\" position-relative text_image bg-none py-5\" >\r\n    <div class=\"container\">\r\n        <div class=\"row justify-content-center\">\r\n            <div class=\"col-lg-12\">                                \r\n                <div class=\"row align-items-center flex-column-reverse flex-lg-row-reverse\">\r\n                    <div class=\"col-lg-6 \">\r\n                                                                        <div class=\"\"><h2>A global showcase for dental and dental technology innovation<\/h2>\n<p>For three days, Fiere di Parma will be the meeting point of the international dental community, offering all participants a unique opportunity to discover innovative products, technologies, and solutions. <strong>A chance to learn, exchange insights, and build professional relationships.<\/strong><\/p>\n<p><strong>The exhibition spaces are designed to facilitate meetings, hands-on demonstrations, and workshops<\/strong>, creating an environment where training, innovation, and networking come together.<\/p>\n<\/div>\r\n                                                                      \t                    <\/div>\r\n                                        <div class=\"col-lg-6 text-center mb-5 mb-lg-0\">\r\n                                                    <!-- Standard single image structure -->\r\n                            <img decoding=\"async\" src=\"https:\/\/colloquium.zencodesolutions.com\/wp-content\/uploads\/2025\/07\/img03.webp\" alt=\"img03\" class=\"img-fluid mr-lg-4 \">\r\n                                            <\/div>\r\n                                    <\/div>\r\n            <\/div>\r\n        <\/div>\r\n    <\/div>\r\n<\/div>\n\n\r\n\r\n\r\n<style>\r\n    #text_image_block_81b0cda19bc793ca035edf21c14d7448 .custom-title-size {\r\n        font-size: 54px !important;\r\n    }\r\n<\/style>\r\n\r\n\r\n<style>\r\n    #text_image_block_81b0cda19bc793ca035edf21c14d7448 .btn-custom {\r\n        min-width: 205px;\r\n    }\r\n<\/style>\r\n\r\n<div id=\"text_image_block_81b0cda19bc793ca035edf21c14d7448\" class=\" position-relative text_image bg-none py-5\" >\r\n    <div class=\"container\">\r\n        <div class=\"row justify-content-center\">\r\n            <div class=\"col-lg-12\">                                \r\n                <div class=\"row align-items-center flex-column-reverse flex-lg-row\">\r\n                    <div class=\"col-lg-6 mt-5 mt-lg-0\">\r\n                                                                        <div class=\"\"><h2>A scientific and cultural program with an international scope<\/h2>\n<p>Alongside the exhibition area, the congress offers a <strong>high-level scientific and cultural program, with international speakers<\/strong> sharing knowledge, experiences, and visions for the future of dentistry and dental technology.<\/p>\n<p>All conferences will feature <strong>simultaneous translation into Italian, English, German, and Bulgarian<\/strong>, ensuring an accessible and high-quality experience for a global audience.<\/p>\n<p>Completing the experience are informal <strong>networking moments<\/strong>, such as the Friday evening dinner-show, allowing attendees to exchange ideas, build collaborations, and fully experience the event\u2019s international spirit.<\/p>\n<\/div>\r\n                                                                      \t                    <\/div>\r\n                                        <div class=\"col-lg-6 text-center mt-5 mt-lg-0\">\r\n                                                    <!-- Standard single image structure -->\r\n                            <img decoding=\"async\" src=\"https:\/\/colloquium.zencodesolutions.com\/wp-content\/uploads\/2025\/07\/img04.webp\" alt=\"img04\" class=\"img-fluid ml-lg-4 \">\r\n                                            <\/div>\r\n                                    <\/div>\r\n            <\/div>\r\n        <\/div>\r\n    <\/div>\r\n<\/div>\n\n\n<div id=\"vertical_list_block_7509db57d0a9a4647b8dd7bf86b43520\" class=\"py-5 vertical_list_block\">\n    <div class=\"container py-lg-5\">\n        <div class=\"row justify-content-center\">\n            <div class=\"col-lg-8\">\n                \n                                <div class=\"text-center mb-5\">\n                    <h2 class=\"vertical-list-title\">Events and Speakers<\/h2>\n                                        <h3 class=\"vertical-list-subtitle mt-3\">Schedule being updated<\/h3>\n                                    <\/div>\n                \n                                <div class=\"vertical-list-container text-center\">\n                    <div class=\"row\">\n                        <div class=\"col-12\">\n                            <div class=\"vertical-list-items\">\n                                                                                                        \n                                    <div class=\"vertical-list-item mb-4\">\n                                        <!-- Bullet point with teal color -->\n                                        <div class=\"vertical-list-bullet\">\n                                            <div class=\"bullet-circle\"><\/div>\n                                        <\/div>\n                                        \n                                        <!-- Content -->\n                                        <div class=\"vertical-list-content\">\n                                                                                        <h3 class=\"vertical-list-item-title mb-2\">Thursday 15\/10\/2026<\/h3>\n                                                                                        \n                                                                                        <div class=\"vertical-list-item-content\">\n                                                <span style=\"font-size:18px\"><strong>Pre-congress course<\/strong><\/span><br>  Dr. Marta Revilla-Le\u00f3n (Kois Center, Seattle, USA) <br><br> <span style=\"font-size:18px\"><strong>Newcomer &#8211; New ideas and new speakers<\/strong><\/span> <br>The meeting point for the new generation of health professionals <br>(in collaboration with AFG Dental Academy)                                            <\/div>\n                                                                                    <\/div>\n                                    <\/div>\n                                    \n                                                                                                        \n                                    <div class=\"vertical-list-item mb-4\">\n                                        <!-- Bullet point with teal color -->\n                                        <div class=\"vertical-list-bullet\">\n                                            <div class=\"bullet-circle\"><\/div>\n                                        <\/div>\n                                        \n                                        <!-- Content -->\n                                        <div class=\"vertical-list-content\">\n                                                                                        <h3 class=\"vertical-list-item-title mb-2\">Friday 16\/10\/2026<\/h3>\n                                                                                        \n                                                                                        <div class=\"vertical-list-item-content\">\n                                                <span style=\"font-size:18px\"><strong>Artificial intelligence and implantology: new interdisciplinary horizons<\/strong><\/span><br> Dr. Giacomo Fabbri<br> Dr. Francesco Mintrone<br> Dr. Eduardo Anitua (Spagna)<br> Dr. Andrea Savi<br> Dr. Renato Cocconi<br> Dr. Giancarlo Pongione<br> Prof. Loris Prosper (Universit\u00e0 di Milano)<br> Prof. Falk Schwendicke (Universit\u00e0 di Monaco)<br> Prof. Haidong Zhang (Universit\u00e0 di Pechino)<br> <br><span style=\"font-size:18px\"><strong>Monolithic ceramic in metal-free dentistry: to stain or to layer?<\/strong><\/span> <br>Mdt. Lanfranco Santocchi<br> Mdt. Mattia Santarelli<br> Mdt. Antonio Corradini<br> Mdt. Aldo Zilio<br> Mdt. Mario Pace<br> Mdt. Sabine Mayer<br> Mdt. Pasquale Casaburo<br> Mdt. Massimo Trombin                                            <\/div>\n                                                                                    <\/div>\n                                    <\/div>\n                                    \n                                                                                                        \n                                    <div class=\"vertical-list-item mb-4\">\n                                        <!-- Bullet point with teal color -->\n                                        <div class=\"vertical-list-bullet\">\n                                            <div class=\"bullet-circle\"><\/div>\n                                        <\/div>\n                                        \n                                        <!-- Content -->\n                                        <div class=\"vertical-list-content\">\n                                                                                        <h3 class=\"vertical-list-item-title mb-2\">Saturday 17\/10\/2026<\/h3>\n                                                                                        \n                                                                                        <div class=\"vertical-list-item-content\">\n                                                <span style=\"font-size:18px\"><strong>Aesthetic medicine<\/strong><br><\/span> Dr. Francesco Senna<br> Dr. Ezio Costa<br> <br> <span style=\"font-size:18px\"><strong>Dental Office &#8211; Laboratory relationships in the transition from analog to digital techniques (in collaboration with AIOP)<\/strong><br><\/span> Dr. Pierluigi Casella + Mdt. Gianpiero Stefanini<br> Dr. Francesco Romagnoli + Mdt. Claudio Nannini<br> <br> <span style=\"font-size:18px\"><strong>IDEA Congress \u2013 Italian Dental Assistant<\/strong><\/span>                                            <\/div>\n                                                                                    <\/div>\n                                    <\/div>\n                                    \n                                                            <\/div>\n                        <\/div>\n                    <\/div>\n                <\/div>\n                                \n            <\/div>\n        <\/div>\n    <\/div>\n<\/div>\n","protected":false},"excerpt":{"rendered":"","protected":false},"author":1,"featured_media":0,"parent":0,"menu_order":0,"comment_status":"closed","ping_status":"closed","template":"","meta":{"_acf_changed":false,"_uag_custom_page_level_css":"","pgc_sgb_lightbox_settings":"","footnotes":""},"class_list":["post-10685","page","type-page","status-publish","hentry"],"acf":[],"yoast_head":"<!-- This site is optimized with the Yoast SEO plugin v25.5 - https:\/\/yoast.com\/wordpress\/plugins\/seo\/ -->\n<title>Exhibitors | Colloquium DENTAL SHOW<\/title>\n<meta name=\"robots\" content=\"noindex, follow, max-snippet:-1, max-image-preview:large, max-video-preview:-1\" \/>\n<meta property=\"og:locale\" content=\"en_US\" \/>\n<meta property=\"og:type\" content=\"article\" \/>\n<meta property=\"og:title\" content=\"Exhibitors | Colloquium DENTAL SHOW\" \/>\n<meta property=\"og:url\" content=\"https:\/\/colloquium.zencodesolutions.com\/en\/exhibitors\/\" \/>\n<meta property=\"og:site_name\" content=\"Colloquium DENTAL SHOW\" \/>\n<meta property=\"article:modified_time\" content=\"2025-11-14T08:59:39+00:00\" \/>\n<meta property=\"og:image\" content=\"https:\/\/colloquium.zencodesolutions.com\/wp-content\/uploads\/2025\/07\/CDS_sharesocial_it-1.jpg\" \/>\n\t<meta property=\"og:image:width\" content=\"2450\" \/>\n\t<meta property=\"og:image:height\" content=\"1376\" \/>\n\t<meta property=\"og:image:type\" content=\"image\/jpeg\" \/>\n<meta name=\"twitter:card\" content=\"summary_large_image\" \/>\n<script type=\"application\/ld+json\" class=\"yoast-schema-graph\">{\"@context\":\"https:\/\/schema.org\",\"@graph\":[{\"@type\":\"WebPage\",\"@id\":\"https:\/\/colloquium.zencodesolutions.com\/en\/exhibitors\/\",\"url\":\"https:\/\/colloquium.zencodesolutions.com\/en\/exhibitors\/\",\"name\":\"Exhibitors | Colloquium DENTAL SHOW\",\"isPartOf\":{\"@id\":\"https:\/\/colloquium.zencodesolutions.com\/en\/#website\"},\"datePublished\":\"2025-11-12T11:56:34+00:00\",\"dateModified\":\"2025-11-14T08:59:39+00:00\",\"breadcrumb\":{\"@id\":\"https:\/\/colloquium.zencodesolutions.com\/en\/exhibitors\/#breadcrumb\"},\"inLanguage\":\"en-US\",\"potentialAction\":[{\"@type\":\"ReadAction\",\"target\":[\"https:\/\/colloquium.zencodesolutions.com\/en\/exhibitors\/\"]}]},{\"@type\":\"BreadcrumbList\",\"@id\":\"https:\/\/colloquium.zencodesolutions.com\/en\/exhibitors\/#breadcrumb\",\"itemListElement\":[{\"@type\":\"ListItem\",\"position\":1,\"name\":\"Home\",\"item\":\"https:\/\/colloquium.zencodesolutions.com\/en\/\"},{\"@type\":\"ListItem\",\"position\":2,\"name\":\"Exhibitors\"}]},{\"@type\":\"WebSite\",\"@id\":\"https:\/\/colloquium.zencodesolutions.com\/en\/#website\",\"url\":\"https:\/\/colloquium.zencodesolutions.com\/en\/\",\"name\":\"Colloquium Dental Show\",\"description\":\"Italian Dental Show\",\"publisher\":{\"@id\":\"https:\/\/colloquium.zencodesolutions.com\/en\/#organization\"},\"alternateName\":\"Colloquium Dental Show\",\"potentialAction\":[{\"@type\":\"SearchAction\",\"target\":{\"@type\":\"EntryPoint\",\"urlTemplate\":\"https:\/\/colloquium.zencodesolutions.com\/en\/?s={search_term_string}\"},\"query-input\":{\"@type\":\"PropertyValueSpecification\",\"valueRequired\":true,\"valueName\":\"search_term_string\"}}],\"inLanguage\":\"en-US\"},{\"@type\":\"Organization\",\"@id\":\"https:\/\/colloquium.zencodesolutions.com\/en\/#organization\",\"name\":\"Colloquium Dental Show\",\"alternateName\":\"Colloquium Dental Show\",\"url\":\"https:\/\/colloquium.zencodesolutions.com\/en\/\",\"logo\":{\"@type\":\"ImageObject\",\"inLanguage\":\"en-US\",\"@id\":\"https:\/\/colloquium.zencodesolutions.com\/en\/#\/schema\/logo\/image\/\",\"url\":\"https:\/\/colloquium.zencodesolutions.com\/wp-content\/uploads\/2025\/07\/Colloquium_Dental_Show.jpg\",\"contentUrl\":\"https:\/\/colloquium.zencodesolutions.com\/wp-content\/uploads\/2025\/07\/Colloquium_Dental_Show.jpg\",\"width\":1337,\"height\":505,\"caption\":\"Colloquium Dental Show\"},\"image\":{\"@id\":\"https:\/\/colloquium.zencodesolutions.com\/en\/#\/schema\/logo\/image\/\"}}]}<\/script>\n<!-- \/ Yoast SEO plugin. -->","yoast_head_json":{"title":"Exhibitors | Colloquium DENTAL SHOW","robots":{"index":"noindex","follow":"follow","max-snippet":"max-snippet:-1","max-image-preview":"max-image-preview:large","max-video-preview":"max-video-preview:-1"},"og_locale":"en_US","og_type":"article","og_title":"Exhibitors | Colloquium DENTAL SHOW","og_url":"https:\/\/colloquium.zencodesolutions.com\/en\/exhibitors\/","og_site_name":"Colloquium DENTAL SHOW","article_modified_time":"2025-11-14T08:59:39+00:00","og_image":[{"width":2450,"height":1376,"url":"https:\/\/colloquium.zencodesolutions.com\/wp-content\/uploads\/2025\/07\/CDS_sharesocial_it-1.jpg","type":"image\/jpeg"}],"twitter_card":"summary_large_image","schema":{"@context":"https:\/\/schema.org","@graph":[{"@type":"WebPage","@id":"https:\/\/colloquium.zencodesolutions.com\/en\/exhibitors\/","url":"https:\/\/colloquium.zencodesolutions.com\/en\/exhibitors\/","name":"Exhibitors | Colloquium DENTAL SHOW","isPartOf":{"@id":"https:\/\/colloquium.zencodesolutions.com\/en\/#website"},"datePublished":"2025-11-12T11:56:34+00:00","dateModified":"2025-11-14T08:59:39+00:00","breadcrumb":{"@id":"https:\/\/colloquium.zencodesolutions.com\/en\/exhibitors\/#breadcrumb"},"inLanguage":"en-US","potentialAction":[{"@type":"ReadAction","target":["https:\/\/colloquium.zencodesolutions.com\/en\/exhibitors\/"]}]},{"@type":"BreadcrumbList","@id":"https:\/\/colloquium.zencodesolutions.com\/en\/exhibitors\/#breadcrumb","itemListElement":[{"@type":"ListItem","position":1,"name":"Home","item":"https:\/\/colloquium.zencodesolutions.com\/en\/"},{"@type":"ListItem","position":2,"name":"Exhibitors"}]},{"@type":"WebSite","@id":"https:\/\/colloquium.zencodesolutions.com\/en\/#website","url":"https:\/\/colloquium.zencodesolutions.com\/en\/","name":"Colloquium Dental Show","description":"Italian Dental Show","publisher":{"@id":"https:\/\/colloquium.zencodesolutions.com\/en\/#organization"},"alternateName":"Colloquium Dental Show","potentialAction":[{"@type":"SearchAction","target":{"@type":"EntryPoint","urlTemplate":"https:\/\/colloquium.zencodesolutions.com\/en\/?s={search_term_string}"},"query-input":{"@type":"PropertyValueSpecification","valueRequired":true,"valueName":"search_term_string"}}],"inLanguage":"en-US"},{"@type":"Organization","@id":"https:\/\/colloquium.zencodesolutions.com\/en\/#organization","name":"Colloquium Dental Show","alternateName":"Colloquium Dental Show","url":"https:\/\/colloquium.zencodesolutions.com\/en\/","logo":{"@type":"ImageObject","inLanguage":"en-US","@id":"https:\/\/colloquium.zencodesolutions.com\/en\/#\/schema\/logo\/image\/","url":"https:\/\/colloquium.zencodesolutions.com\/wp-content\/uploads\/2025\/07\/Colloquium_Dental_Show.jpg","contentUrl":"https:\/\/colloquium.zencodesolutions.com\/wp-content\/uploads\/2025\/07\/Colloquium_Dental_Show.jpg","width":1337,"height":505,"caption":"Colloquium Dental Show"},"image":{"@id":"https:\/\/colloquium.zencodesolutions.com\/en\/#\/schema\/logo\/image\/"}}]}},"uagb_featured_image_src":{"full":false,"thumbnail":false,"medium":false,"medium_large":false,"large":false,"1536x1536":false,"2048x2048":false,"fullscreen-thumb":false,"sponsor-thumb":false,"gallery-thumb":false,"speakers-thumb":false,"partner-big":false,"partner-medium":false,"partner-small":false},"uagb_author_info":{"display_name":"wndr-adm","author_link":"https:\/\/colloquium.zencodesolutions.com\/en\/author\/wndr-adm\/"},"uagb_comment_info":0,"uagb_excerpt":null,"_links":{"self":[{"href":"https:\/\/colloquium.zencodesolutions.com\/en\/wp-json\/wp\/v2\/pages\/10685","targetHints":{"allow":["GET"]}}],"collection":[{"href":"https:\/\/colloquium.zencodesolutions.com\/en\/wp-json\/wp\/v2\/pages"}],"about":[{"href":"https:\/\/colloquium.zencodesolutions.com\/en\/wp-json\/wp\/v2\/types\/page"}],"author":[{"embeddable":true,"href":"https:\/\/colloquium.zencodesolutions.com\/en\/wp-json\/wp\/v2\/users\/1"}],"replies":[{"embeddable":true,"href":"https:\/\/colloquium.zencodesolutions.com\/en\/wp-json\/wp\/v2\/comments?post=10685"}],"version-history":[{"count":1,"href":"https:\/\/colloquium.zencodesolutions.com\/en\/wp-json\/wp\/v2\/pages\/10685\/revisions"}],"predecessor-version":[{"id":10687,"href":"https:\/\/colloquium.zencodesolutions.com\/en\/wp-json\/wp\/v2\/pages\/10685\/revisions\/10687"}],"wp:attachment":[{"href":"https:\/\/colloquium.zencodesolutions.com\/en\/wp-json\/wp\/v2\/media?parent=10685"}],"curies":[{"name":"wp","href":"https:\/\/api.w.org\/{rel}","templated":true}]}}